{"id":3985,"date":"2020-07-07T04:14:44","date_gmt":"2020-07-07T04:14:44","guid":{"rendered":"http:\/\/wpdemo.archiwp.com\/theratio\/?page_id=3985"},"modified":"2022-08-08T08:13:23","modified_gmt":"2022-08-08T08:13:23","slug":"blog-grid","status":"publish","type":"page","link":"https:\/\/ankarapanel.com.tr\/?page_id=3985","title":{"rendered":"Blog"},"content":{"rendered":"\t\t<div data-elementor-type=\"wp-page\" data-elementor-id=\"3985\" class=\"elementor elementor-3985\">\n\t\t\t\t\t\t\t\t\t<section class=\"elementor-section elementor-top-section elementor-element elementor-element-3d510d1 elementor-section-boxed elementor-section-height-default elementor-section-height-default\" data-id=\"3d510d1\" data-element_type=\"section\">\n\t\t\t\t\t\t<div class=\"elementor-container elementor-column-gap-default\">\n\t\t\t\t\t<div class=\"elementor-column elementor-col-100 elementor-top-column elementor-element elementor-element-a53f8c2 ot-flex-column-vertical\" data-id=\"a53f8c2\" data-element_type=\"column\">\n\t\t\t<div class=\"elementor-widget-wrap elementor-element-populated\">\n\t\t\t\t\t\t\t\t<div class=\"elementor-element elementor-element-705f2bd elementor-widget elementor-widget-ipost_grid\" data-id=\"705f2bd\" data-element_type=\"widget\" data-widget_type=\"ipost_grid.default\">\n\t\t\t\t<div class=\"elementor-widget-container\">\n\t\t\t\t\t<div class=\"blog-grid pf_3_cols v-light\">\r\n        \t \r\n<article id=\"post-82\" class=\"post-box masonry-post-item post-82 post type-post status-publish format-standard has-post-thumbnail hentry category-uncategorized tag-exterior tag-interior tag-trends\">\r\n\t<div class=\"post-inner\">\r\n\t    \r\n\t        <div class=\"entry-media post-cat-abs\">\r\n\t            <a href=\"https:\/\/ankarapanel.com.tr\/?p=82\">\r\n\t                <img loading=\"lazy\" decoding=\"async\" width=\"2560\" height=\"1707\" src=\"https:\/\/ankarapanel.com.tr\/wp-content\/uploads\/2022\/08\/6G8A7969-scaled.jpg\" class=\"attachment-post-thumbnail size-post-thumbnail wp-post-image\" alt=\"\" srcset=\"https:\/\/ankarapanel.com.tr\/wp-content\/uploads\/2022\/08\/6G8A7969-scaled.jpg 2560w, https:\/\/ankarapanel.com.tr\/wp-content\/uploads\/2022\/08\/6G8A7969-300x200.jpg 300w, https:\/\/ankarapanel.com.tr\/wp-content\/uploads\/2022\/08\/6G8A7969-1024x683.jpg 1024w, https:\/\/ankarapanel.com.tr\/wp-content\/uploads\/2022\/08\/6G8A7969-768x512.jpg 768w, https:\/\/ankarapanel.com.tr\/wp-content\/uploads\/2022\/08\/6G8A7969-1536x1024.jpg 1536w, https:\/\/ankarapanel.com.tr\/wp-content\/uploads\/2022\/08\/6G8A7969-2048x1365.jpg 2048w\" sizes=\"(max-width: 2560px) 100vw, 2560px\" \/>\t            <\/a>\r\n\t            <div class=\"post-cat\"><div class=\"posted-in\"><a href=\"https:\/\/ankarapanel.com.tr\/?cat=1\" rel=\"category\">Uncategorized<\/a><\/div><\/div>\t        <\/div>\r\n\t        \r\n\t    \r\n\t    <div class=\"inner-post\">\r\n\t        <div class=\"entry-header\">\r\n\r\n\t            \t            <div class=\"entry-meta\">\r\n\t            \t<span class=\"posted-on\"><a href=\"https:\/\/ankarapanel.com.tr\/?p=82\" rel=\"bookmark\"><time class=\"entry-date published\" datetime=\"2022-08-08T06:44:11+00:00\">A\u011fustos 8, 2022<\/time><\/a><\/span><span class=\"comment-num\"><a href=\"https:\/\/ankarapanel.com.tr\/?p=82#respond\">0 Comments<\/a><\/span>\t            <\/div><!-- .entry-meta -->\r\n\t            \r\n\t            <h4 class=\"entry-title\"><a class=\"title-link\" href=\"https:\/\/ankarapanel.com.tr\/?p=82\" rel=\"bookmark\">Asma Tavan\u0131n Avantajlar\u0131 Nelerdir?<\/a><\/h4>\r\n\t        <\/div><!-- .entry-header -->\r\n\r\n\t        <div class=\"entry-summary the-excerpt\">\r\n\r\n\t            <p>Asma tavan sistemleri, tavanlardaki k\u00f6t\u00fc g\u00f6r\u00fcnt\u00fcy\u00fc kapatman\u0131n yan\u0131 s\u0131ra i\u00e7 mek\u00e2nlara ba\u015fka bir\u00e7ok avantaj sunmaktad\u0131r. Ayd\u0131nlatma sistemleri ile uyum sa\u011flayabilen yap\u0131s\u0131, \u00e7e\u015fitli renk ve doku \u00f6zellikleri sayesinde bulundu\u011fu yerlere farkl\u0131 bir estetik g\u00f6r\u00fcn\u00fcm katar. Farkl\u0131 tavan y\u00fcksekliklerinin yarat\u0131lmas\u0131 ile mek\u00e2nlar\u0131n geni\u015flik alg\u0131s\u0131 ile oynayabilir. \u00d6rne\u011fin; dar bir alan\u0131 oldu\u011fundan daha geni\u015f g\u00f6sterir. Tavan y\u00fcksekli\u011finin fazla [&hellip;]<\/p>\n\r\n\t        <\/div><!-- .entry-content -->\r\n\t        <div class=\"entry-footer\">\r\n\t        \t<a href=\"https:\/\/ankarapanel.com.tr\/?p=82\" class=\"btn-details\"> Detayl\u0131 Bilgi<\/a>\t        <\/div>\r\n\t    <\/div>\r\n\t<\/div>\r\n<\/article> \r\n<article id=\"post-99\" class=\"post-box masonry-post-item post-99 post type-post status-publish format-standard has-post-thumbnail hentry category-uncategorized tag-building tag-house\">\r\n\t<div class=\"post-inner\">\r\n\t    \r\n\t        <div class=\"entry-media post-cat-abs\">\r\n\t            <a href=\"https:\/\/ankarapanel.com.tr\/?p=99\">\r\n\t                <img loading=\"lazy\" decoding=\"async\" width=\"2560\" height=\"1707\" src=\"https:\/\/ankarapanel.com.tr\/wp-content\/uploads\/2022\/08\/6G8A8212-scaled.jpg\" class=\"attachment-post-thumbnail size-post-thumbnail wp-post-image\" alt=\"\" srcset=\"https:\/\/ankarapanel.com.tr\/wp-content\/uploads\/2022\/08\/6G8A8212-scaled.jpg 2560w, https:\/\/ankarapanel.com.tr\/wp-content\/uploads\/2022\/08\/6G8A8212-300x200.jpg 300w, https:\/\/ankarapanel.com.tr\/wp-content\/uploads\/2022\/08\/6G8A8212-1024x683.jpg 1024w, https:\/\/ankarapanel.com.tr\/wp-content\/uploads\/2022\/08\/6G8A8212-768x512.jpg 768w, https:\/\/ankarapanel.com.tr\/wp-content\/uploads\/2022\/08\/6G8A8212-1536x1024.jpg 1536w, https:\/\/ankarapanel.com.tr\/wp-content\/uploads\/2022\/08\/6G8A8212-2048x1365.jpg 2048w\" sizes=\"(max-width: 2560px) 100vw, 2560px\" \/>\t            <\/a>\r\n\t            <div class=\"post-cat\"><div class=\"posted-in\"><a href=\"https:\/\/ankarapanel.com.tr\/?cat=1\" rel=\"category\">Uncategorized<\/a><\/div><\/div>\t        <\/div>\r\n\t        \r\n\t    \r\n\t    <div class=\"inner-post\">\r\n\t        <div class=\"entry-header\">\r\n\r\n\t            \t            <div class=\"entry-meta\">\r\n\t            \t<span class=\"posted-on\"><a href=\"https:\/\/ankarapanel.com.tr\/?p=99\" rel=\"bookmark\"><time class=\"entry-date published\" datetime=\"2022-08-08T06:43:29+00:00\">A\u011fustos 8, 2022<\/time><\/a><\/span><span class=\"comment-num\"><a href=\"https:\/\/ankarapanel.com.tr\/?p=99#respond\">0 Comments<\/a><\/span>\t            <\/div><!-- .entry-meta -->\r\n\t            \r\n\t            <h4 class=\"entry-title\"><a class=\"title-link\" href=\"https:\/\/ankarapanel.com.tr\/?p=99\" rel=\"bookmark\">Asma Tavan\u0131n Uygulama Alanlar\u0131 Nerelerdir?<\/a><\/h4>\r\n\t        <\/div><!-- .entry-header -->\r\n\r\n\t        <div class=\"entry-summary the-excerpt\">\r\n\r\n\t            <p>Asma tavan sistemleri hayat\u0131m\u0131z\u0131n her alan\u0131nda gitti\u011fimiz hemen hemen her mek\u00e2ndakar\u015f\u0131m\u0131za \u00e7\u0131kabilir. \u00c7ok geni\u015f bir kullan\u0131m alan\u0131 olan asma tavan\u0131 s\u0131kl\u0131kla; evlerimizde,hastanelerde, b\u00fcro ve i\u015f yerlerinde restaruantlarda, AVM\u2019lerde ve onlar\u0131n lavabolar\u0131nda, sporsalonlar\u0131nda, y\u00fczme havuzlar\u0131nda g\u00f6rebiliriz.Mek\u00e2n\u0131n ihtiyac\u0131na, fiziksel yap\u0131s\u0131na g\u00f6re kullan\u0131lan malzemede ve uygulamadade\u011fi\u015fiklikler g\u00f6r\u00fclebilir. Bunun nedeni \u00f6ncelik s\u0131ralamas\u0131n\u0131n mek\u00e2nlara g\u00f6re farkl\u0131l\u0131kg\u00f6stermesidir. \u00d6rne\u011fin; ofislerde kullan\u0131lan asma [&hellip;]<\/p>\n\r\n\t        <\/div><!-- .entry-content -->\r\n\t        <div class=\"entry-footer\">\r\n\t        \t<a href=\"https:\/\/ankarapanel.com.tr\/?p=99\" class=\"btn-details\"> Detayl\u0131 Bilgi<\/a>\t        <\/div>\r\n\t    <\/div>\r\n\t<\/div>\r\n<\/article> \r\n<article id=\"post-102\" class=\"post-box masonry-post-item post-102 post type-post status-publish format-standard has-post-thumbnail hentry category-uncategorized tag-exterior tag-interior tag-trends\">\r\n\t<div class=\"post-inner\">\r\n\t    \r\n\t        <div class=\"entry-media post-cat-abs\">\r\n\t            <a href=\"https:\/\/ankarapanel.com.tr\/?p=102\">\r\n\t                <img loading=\"lazy\" decoding=\"async\" width=\"2560\" height=\"1707\" src=\"https:\/\/ankarapanel.com.tr\/wp-content\/uploads\/2022\/08\/6G8A8239-scaled.jpg\" class=\"attachment-post-thumbnail size-post-thumbnail wp-post-image\" alt=\"\" srcset=\"https:\/\/ankarapanel.com.tr\/wp-content\/uploads\/2022\/08\/6G8A8239-scaled.jpg 2560w, https:\/\/ankarapanel.com.tr\/wp-content\/uploads\/2022\/08\/6G8A8239-300x200.jpg 300w, https:\/\/ankarapanel.com.tr\/wp-content\/uploads\/2022\/08\/6G8A8239-1024x683.jpg 1024w, https:\/\/ankarapanel.com.tr\/wp-content\/uploads\/2022\/08\/6G8A8239-768x512.jpg 768w, https:\/\/ankarapanel.com.tr\/wp-content\/uploads\/2022\/08\/6G8A8239-1536x1024.jpg 1536w, https:\/\/ankarapanel.com.tr\/wp-content\/uploads\/2022\/08\/6G8A8239-2048x1365.jpg 2048w\" sizes=\"(max-width: 2560px) 100vw, 2560px\" \/>\t            <\/a>\r\n\t            <div class=\"post-cat\"><div class=\"posted-in\"><a href=\"https:\/\/ankarapanel.com.tr\/?cat=1\" rel=\"category\">Uncategorized<\/a><\/div><\/div>\t        <\/div>\r\n\t        \r\n\t    \r\n\t    <div class=\"inner-post\">\r\n\t        <div class=\"entry-header\">\r\n\r\n\t            \t            <div class=\"entry-meta\">\r\n\t            \t<span class=\"posted-on\"><a href=\"https:\/\/ankarapanel.com.tr\/?p=102\" rel=\"bookmark\"><time class=\"entry-date published updated\" datetime=\"2022-08-08T06:40:32+00:00\">A\u011fustos 8, 2022<\/time><\/a><\/span><span class=\"comment-num\"><a href=\"https:\/\/ankarapanel.com.tr\/?p=102#respond\">0 Comments<\/a><\/span>\t            <\/div><!-- .entry-meta -->\r\n\t            \r\n\t            <h4 class=\"entry-title\"><a class=\"title-link\" href=\"https:\/\/ankarapanel.com.tr\/?p=102\" rel=\"bookmark\">Asma Tavan Nedir?<\/a><\/h4>\r\n\t        <\/div><!-- .entry-header -->\r\n\r\n\t        <div class=\"entry-summary the-excerpt\">\r\n\r\n\t            <p>Asma tavanlar, genellikle s\u0131k kulland\u0131\u011f\u0131m\u0131z i\u00e7 mek\u00e2nlar olan evlerde, ofislerde, i\u015f yerlerinde, kamusal alanlarda kullan\u0131l\u0131r. Is\u0131 ve ses yal\u0131t\u0131m\u0131, dekorasyon, ayd\u0131nlatma ihtiyac\u0131n\u0131 kar\u015f\u0131lamak amac\u0131yla bu sistemler uygulan\u0131r. Tavandan ge\u00e7en elektrik ve su tesisatlar\u0131, havaland\u0131rma kanallar\u0131 istenmeyen bir g\u00f6r\u00fcnt\u00fc ortaya \u00e7\u0131karabilir. Bu durumlarda g\u00f6r\u00fclmesini istemedi\u011finiz k\u0131s\u0131mlar\u0131 saklayarak mek\u00e2nda d\u00fczg\u00fcn ve temiz bir g\u00f6r\u00fcnt\u00fc elde etmenizi sa\u011flar. [&hellip;]<\/p>\n\r\n\t        <\/div><!-- .entry-content -->\r\n\t        <div class=\"entry-footer\">\r\n\t        \t<a href=\"https:\/\/ankarapanel.com.tr\/?p=102\" class=\"btn-details\"> Detayl\u0131 Bilgi<\/a>\t        <\/div>\r\n\t    <\/div>\r\n\t<\/div>\r\n<\/article>\t    <\/div>\r\n\t    \t    \r\n\t\t\t\t<\/div>\n\t\t\t\t<\/div>\n\t\t\t\t\t<\/div>\n\t\t<\/div>\n\t\t\t\t\t\t\t<\/div>\n\t\t<\/section>\n\t\t\t\t\t\t\t<\/div>\n\t\t","protected":false},"excerpt":{"rendered":"<p>Uncategorized A\u011fustos 8, 20220 Comments Asma Tavan\u0131n Avantajlar\u0131 Nelerdir? Asma tavan sistemleri, tavanlardaki k\u00f6t\u00fc g\u00f6r\u00fcnt\u00fcy\u00fc kapatman\u0131n yan\u0131 s\u0131ra i\u00e7 mek\u00e2nlara ba\u015fka bir\u00e7ok avantaj sunmaktad\u0131r. Ayd\u0131nlatma sistemleri ile uyum sa\u011flayabilen yap\u0131s\u0131, \u00e7e\u015fitli renk ve doku \u00f6zellikleri sayesinde bulundu\u011fu yerlere farkl\u0131 bir estetik g\u00f6r\u00fcn\u00fcm katar. Farkl\u0131 tavan y\u00fcksekliklerinin yarat\u0131lmas\u0131 ile mek\u00e2nlar\u0131n geni\u015flik alg\u0131s\u0131 ile oynayabilir. \u00d6rne\u011fin; dar [&hellip;]<\/p>\n","protected":false},"author":2,"featured_media":0,"parent":0,"menu_order":0,"comment_status":"closed","ping_status":"closed","template":"","meta":{"footnotes":""},"_links":{"self":[{"href":"https:\/\/ankarapanel.com.tr\/index.php?rest_route=\/wp\/v2\/pages\/3985"}],"collection":[{"href":"https:\/\/ankarapanel.com.tr\/index.php?rest_route=\/wp\/v2\/pages"}],"about":[{"href":"https:\/\/ankarapanel.com.tr\/index.php?rest_route=\/wp\/v2\/types\/page"}],"author":[{"embeddable":true,"href":"https:\/\/ankarapanel.com.tr\/index.php?rest_route=\/wp\/v2\/users\/2"}],"replies":[{"embeddable":true,"href":"https:\/\/ankarapanel.com.tr\/index.php?rest_route=%2Fwp%2Fv2%2Fcomments&post=3985"}],"version-history":[{"count":8,"href":"https:\/\/ankarapanel.com.tr\/index.php?rest_route=\/wp\/v2\/pages\/3985\/revisions"}],"predecessor-version":[{"id":5927,"href":"https:\/\/ankarapanel.com.tr\/index.php?rest_route=\/wp\/v2\/pages\/3985\/revisions\/5927"}],"wp:attachment":[{"href":"https:\/\/ankarapanel.com.tr\/index.php?rest_route=%2Fwp%2Fv2%2Fmedia&parent=3985"}],"curies":[{"name":"wp","href":"https:\/\/api.w.org\/{rel}","templated":true}]}}